{"id":889,"date":"2023-07-07T10:37:10","date_gmt":"2023-07-07T08:37:10","guid":{"rendered":"https:\/\/helift.fr\/?page_id=889"},"modified":"2023-08-22T10:07:46","modified_gmt":"2023-08-22T08:07:46","slug":"mentions-legales","status":"publish","type":"page","link":"https:\/\/helift.fr\/en\/legal-information\/","title":{"rendered":"Legal"},"content":{"rendered":"<div class=\"wp-block-cover alignfull banniere\"><span aria-hidden=\"true\" class=\"wp-block-cover__background has-background-dim-70 has-background-dim\"><\/span><img loading=\"lazy\" decoding=\"async\" width=\"1344\" height=\"842\" class=\"wp-block-cover__image-background wp-image-908\" alt=\"S\u00e9jour de ski haut de gamme \u00e0 Serre Chevalier\" src=\"https:\/\/helift.fr\/wp-content\/uploads\/2023\/07\/chalet-ski-serre-chevalier.webp\" data-object-fit=\"cover\" srcset=\"https:\/\/helift.fr\/wp-content\/uploads\/2023\/07\/chalet-ski-serre-chevalier.webp 1344w, https:\/\/helift.fr\/wp-content\/uploads\/2023\/07\/chalet-ski-serre-chevalier-300x188.webp 300w, https:\/\/helift.fr\/wp-content\/uploads\/2023\/07\/chalet-ski-serre-chevalier-1024x642.webp 1024w, https:\/\/helift.fr\/wp-content\/uploads\/2023\/07\/chalet-ski-serre-chevalier-768x481.webp 768w\" sizes=\"auto, (max-width: 1344px) 100vw, 1344px\" \/><div class=\"wp-block-cover__inner-container is-layout-flow wp-block-cover-is-layout-flow\">\n<h1 class=\"wp-block-heading has-text-align-center has-x-large-font-size\">LEGAL INFORMATION<\/h1>\n\n\n\n<p class=\"has-text-align-center\" style=\"margin-top:var(--wp--preset--spacing--30);margin-bottom:var(--wp--preset--spacing--30)\">All legal and regulatory information concerning our site<\/p>\n\n\n\n<div class=\"wp-block-buttons is-content-justification-center is-layout-flex wp-container-core-buttons-is-layout-a89b3969 wp-block-buttons-is-layout-flex\">\n<div class=\"wp-block-button\"><a class=\"wp-block-button__link has-contrast-color has-base-background-color has-text-color has-background has-text-align-center wp-element-button\">Book your stay<\/a><\/div>\n<\/div>\n<\/div><\/div>\n\n\n\n<div class=\"wp-block-group alignwide has-global-padding is-layout-constrained wp-block-group-is-layout-constrained\">\n<div class=\"wp-block-columns alignwide is-layout-flex wp-container-core-columns-is-layout-a54e0cfc wp-block-columns-is-layout-flex\" style=\"padding-top:var(--wp--preset--spacing--60);padding-bottom:var(--wp--preset--spacing--60)\">\n<div class=\"wp-block-column is-vertically-aligned-center is-layout-flow wp-container-core-column-is-layout-3867d77c wp-block-column-is-layout-flow\" style=\"padding-top:0;padding-right:var(--wp--preset--spacing--60);padding-bottom:0\">\n<h3 class=\"wp-block-heading titre-nombre has-large-font-size\">Regulatory and policy information on our site<\/h3>\n\n\n\n<p><strong>PUBLISHER:<\/strong>&nbsp;Chalet Aravet &#8211; Place de l&rsquo;Aravet, 05240 <strong>La Salle-les-Alpes<\/strong> \u2013 FRANCE.<\/p>\n\n\n\n<p><strong>Tel :<\/strong>&nbsp;+33(0) x.xx.xx.xx.xx<br>R.C.S Fr\u00e9jus 842 800 450 \u2013 TVA FR 41 842 800 450<\/p>\n\n\n\n<p><strong>PRODUCTION :<\/strong>&nbsp;MEDIACO LEVAGE, Service informatique &amp; communication, Espace Jean-Jacques Vernazza 17 avenue Andr\u00e9 Roussin 13016 MARSEILLE \u2013 FRANCE.<\/p>\n\n\n\n<p><strong>Tel :<\/strong>&nbsp;+33(0) 4.91.03.81.91 \u2013 www.mediaco-groupe.com<\/p>\n\n\n\n<p><strong>HOST :<\/strong>&nbsp;OVH SAS, 2 Rue Kellermann 59100 Roubaix.<\/p>\n\n\n\n<p><strong>PHOTOS, ILLUSTRATION, TEXT:<\/strong>&nbsp;\u00a9Chalet Aravet. Any reproduction, in whole or in part, in any form whatsoever, is prohibited without prior authorisation from the author.<\/p>\n<\/div>\n\n\n\n<div class=\"wp-block-column is-vertically-aligned-center is-layout-flow wp-block-column-is-layout-flow\">\n<figure class=\"wp-block-image size-large\"><img loading=\"lazy\" decoding=\"async\" width=\"941\" height=\"1024\" src=\"https:\/\/helift.fr\/wp-content\/uploads\/2023\/07\/location-chalet-tout-equipe-941x1024.webp\" alt=\"location chalet tout \u00e9quip\u00e9\" class=\"wp-image-913\" srcset=\"https:\/\/helift.fr\/wp-content\/uploads\/2023\/07\/location-chalet-tout-equipe-941x1024.webp 941w, https:\/\/helift.fr\/wp-content\/uploads\/2023\/07\/location-chalet-tout-equipe-276x300.webp 276w, https:\/\/helift.fr\/wp-content\/uploads\/2023\/07\/location-chalet-tout-equipe-768x836.webp 768w, https:\/\/helift.fr\/wp-content\/uploads\/2023\/07\/location-chalet-tout-equipe.webp 1242w\" sizes=\"auto, (max-width: 941px) 100vw, 941px\" \/><\/figure>\n<\/div>\n<\/div>\n<\/div>\n\n\n\n<div class=\"wp-block-group alignwide has-global-padding is-layout-constrained wp-container-core-group-is-layout-286eb99f wp-block-group-is-layout-constrained\" style=\"padding-top:0;padding-bottom:0\">\n<p class=\"has-text-align-left\" style=\"padding-top:0;padding-right:0;padding-bottom:0;padding-left:0\"><strong>RIGHTS OF THE USERS ON THEIR DATA :<\/strong>&nbsp;In accordance with the Data Protection Act, and the regulations applicable to personal data, the users of this site have the following rights:<\/p>\n\n\n\n<ul class=\"wp-block-list\">\n<li>Right of access<\/li>\n\n\n\n<li>Right of rectification<\/li>\n\n\n\n<li>Right of deletion<\/li>\n\n\n\n<li>Right to limitation<\/li>\n\n\n\n<li>Right to object<\/li>\n\n\n\n<li>Right to portability<\/li>\n<\/ul>\n\n\n\n<p>You may exercise any of these rights at any time by sending a letter with valid proof of identity to the following address:&nbsp;<strong>Chalet Aravet &#8211; Place de l&rsquo;Aravet, 05240 <strong>La Salle-les-Alpes<\/strong> \u2013 FRANCE.<\/strong><\/p>\n\n\n\n<p>The service will then intervene as soon as possible after receiving your request. The service will then intervene as soon as possible upon receipt of your request.<\/p>\n\n\n\n<p><strong>USE OF PERSONAL DATA :<\/strong>&nbsp;CHALET ARAVET only collects and uses personal data that are essential for the proper functioning of the site and the use of its services. The following elements are likely to involve personal data:<\/p>\n\n\n\n<ul class=\"wp-block-list\">\n<li>Contact forms<\/li>\n\n\n\n<li>Reservations<\/li>\n<\/ul>\n\n\n\n<p>The entire processing of this data is based on the legal basis of consent, mentioned in Article 6 of the RGPD (https:\/\/www.cnil.fr\/fr\/reglement-europeen-protection-donnees\/chapitre2#Article6). This consent is explicitly required in the form of checkboxes in the forms on the site. CHALET ARAVET informs you that all personal data that you may communicate to it via this site is intended solely for the company's authorised personnel and will not be transmitted to any third party.<\/p>\n<\/div>","protected":false},"excerpt":{"rendered":"<p>Informations r\u00e8glementaires et politiques de notre site \u00c9DITEUR :&nbsp;Chalet Aravet &#8211; Place de l&rsquo;Aravet, 05240 La Salle-les-Alpes \u2013 FRANCE. T\u00e9l :&nbsp;+33(0) x.xx.xx.xx.xxR.C.S Fr\u00e9jus 842 800 450 \u2013 TVA FR 41 842 800 450 R\u00c9ALISATION :&nbsp;MEDIACO LEVAGE, Service informatique &amp; communication, Espace Jean-Jacques Vernazza 17 avenue Andr\u00e9 Roussin 13016 MARSEILLE \u2013 FRANCE. T\u00e9l :&nbsp;+33(0) 4.91.03.81.91 \u2013 [&hellip;]<\/p>","protected":false},"author":1,"featured_media":0,"parent":0,"menu_order":0,"comment_status":"closed","ping_status":"closed","template":"","meta":{"footnotes":""},"class_list":["post-889","page","type-page","status-publish","hentry"],"yoast_head":"<!-- This site is optimized with the Yoast SEO plugin v21.7 - https:\/\/yoast.com\/wordpress\/plugins\/seo\/ -->\n<title>Mentions l\u00e9gales - Chalet Aravet<\/title>\n<meta name=\"description\" content=\"Consultez nos mentions l\u00e9gales pour obtenir toutes les informations l\u00e9gales et r\u00e8glementaires concernant notre site.\" \/>\n<meta name=\"robots\" content=\"noindex, follow, max-snippet:-1, max-image-preview:large, max-video-preview:-1\" \/>\n<meta property=\"og:locale\" content=\"en_GB\" \/>\n<meta property=\"og:type\" content=\"article\" \/>\n<meta property=\"og:title\" content=\"Mentions l\u00e9gales - Chalet Aravet\" \/>\n<meta property=\"og:description\" content=\"Consultez nos mentions l\u00e9gales pour obtenir toutes les informations l\u00e9gales et r\u00e8glementaires concernant notre site.\" \/>\n<meta property=\"og:url\" content=\"https:\/\/helift.fr\/en\/legal-information\/\" \/>\n<meta property=\"og:site_name\" content=\"Chalet Aravet\" \/>\n<meta property=\"article:modified_time\" content=\"2023-08-22T08:07:46+00:00\" \/>\n<meta property=\"og:image\" content=\"https:\/\/helift.fr\/wp-content\/uploads\/2023\/07\/chalet-ski-serre-chevalier.webp\" \/>\n<meta name=\"twitter:card\" content=\"summary_large_image\" \/>\n<meta name=\"twitter:label1\" content=\"Estimated reading time\" \/>\n\t<meta name=\"twitter:data1\" content=\"3 minutes\" \/>\n<script type=\"application\/ld+json\" class=\"yoast-schema-graph\">{\"@context\":\"https:\/\/schema.org\",\"@graph\":[{\"@type\":\"WebPage\",\"@id\":\"https:\/\/helift.fr\/mentions-legales\/\",\"url\":\"https:\/\/helift.fr\/mentions-legales\/\",\"name\":\"Mentions l\u00e9gales - Chalet Aravet\",\"isPartOf\":{\"@id\":\"https:\/\/helift.fr\/#website\"},\"datePublished\":\"2023-07-07T08:37:10+00:00\",\"dateModified\":\"2023-08-22T08:07:46+00:00\",\"description\":\"Consultez nos mentions l\u00e9gales pour obtenir toutes les informations l\u00e9gales et r\u00e8glementaires concernant notre site.\",\"breadcrumb\":{\"@id\":\"https:\/\/helift.fr\/mentions-legales\/#breadcrumb\"},\"inLanguage\":\"en-GB\",\"potentialAction\":[{\"@type\":\"ReadAction\",\"target\":[\"https:\/\/helift.fr\/mentions-legales\/\"]}]},{\"@type\":\"BreadcrumbList\",\"@id\":\"https:\/\/helift.fr\/mentions-legales\/#breadcrumb\",\"itemListElement\":[{\"@type\":\"ListItem\",\"position\":1,\"name\":\"Accueil\",\"item\":\"https:\/\/helift.fr\/\"},{\"@type\":\"ListItem\",\"position\":2,\"name\":\"Mentions l\u00e9gales\"}]},{\"@type\":\"WebSite\",\"@id\":\"https:\/\/helift.fr\/#website\",\"url\":\"https:\/\/helift.fr\/\",\"name\":\"Chalet Aravet\",\"description\":\"\",\"publisher\":{\"@id\":\"https:\/\/helift.fr\/#organization\"},\"potentialAction\":[{\"@type\":\"SearchAction\",\"target\":{\"@type\":\"EntryPoint\",\"urlTemplate\":\"https:\/\/helift.fr\/?s={search_term_string}\"},\"query-input\":\"required name=search_term_string\"}],\"inLanguage\":\"en-GB\"},{\"@type\":\"Organization\",\"@id\":\"https:\/\/helift.fr\/#organization\",\"name\":\"Chalet Aravet\",\"url\":\"https:\/\/helift.fr\/\",\"logo\":{\"@type\":\"ImageObject\",\"inLanguage\":\"en-GB\",\"@id\":\"https:\/\/helift.fr\/#\/schema\/logo\/image\/\",\"url\":\"https:\/\/helift.fr\/wp-content\/uploads\/2023\/06\/logo.svg\",\"contentUrl\":\"https:\/\/helift.fr\/wp-content\/uploads\/2023\/06\/logo.svg\",\"width\":1,\"height\":1,\"caption\":\"Chalet Aravet\"},\"image\":{\"@id\":\"https:\/\/helift.fr\/#\/schema\/logo\/image\/\"}}]}<\/script>\n<!-- \/ Yoast SEO plugin. -->","yoast_head_json":{"title":"Mentions l\u00e9gales - Chalet Aravet","description":"Consultez nos mentions l\u00e9gales pour obtenir toutes les informations l\u00e9gales et r\u00e8glementaires concernant notre site.","robots":{"index":"noindex","follow":"follow","max-snippet":"max-snippet:-1","max-image-preview":"max-image-preview:large","max-video-preview":"max-video-preview:-1"},"og_locale":"en_GB","og_type":"article","og_title":"Mentions l\u00e9gales - Chalet Aravet","og_description":"Consultez nos mentions l\u00e9gales pour obtenir toutes les informations l\u00e9gales et r\u00e8glementaires concernant notre site.","og_url":"https:\/\/helift.fr\/en\/legal-information\/","og_site_name":"Chalet Aravet","article_modified_time":"2023-08-22T08:07:46+00:00","og_image":[{"url":"https:\/\/helift.fr\/wp-content\/uploads\/2023\/07\/chalet-ski-serre-chevalier.webp"}],"twitter_card":"summary_large_image","twitter_misc":{"Estimated reading time":"3 minutes"},"schema":{"@context":"https:\/\/schema.org","@graph":[{"@type":"WebPage","@id":"https:\/\/helift.fr\/mentions-legales\/","url":"https:\/\/helift.fr\/mentions-legales\/","name":"Mentions l\u00e9gales - Chalet Aravet","isPartOf":{"@id":"https:\/\/helift.fr\/#website"},"datePublished":"2023-07-07T08:37:10+00:00","dateModified":"2023-08-22T08:07:46+00:00","description":"Consultez nos mentions l\u00e9gales pour obtenir toutes les informations l\u00e9gales et r\u00e8glementaires concernant notre site.","breadcrumb":{"@id":"https:\/\/helift.fr\/mentions-legales\/#breadcrumb"},"inLanguage":"en-GB","potentialAction":[{"@type":"ReadAction","target":["https:\/\/helift.fr\/mentions-legales\/"]}]},{"@type":"BreadcrumbList","@id":"https:\/\/helift.fr\/mentions-legales\/#breadcrumb","itemListElement":[{"@type":"ListItem","position":1,"name":"Accueil","item":"https:\/\/helift.fr\/"},{"@type":"ListItem","position":2,"name":"Mentions l\u00e9gales"}]},{"@type":"WebSite","@id":"https:\/\/helift.fr\/#website","url":"https:\/\/helift.fr\/","name":"Chalet Aravet","description":"","publisher":{"@id":"https:\/\/helift.fr\/#organization"},"potentialAction":[{"@type":"SearchAction","target":{"@type":"EntryPoint","urlTemplate":"https:\/\/helift.fr\/?s={search_term_string}"},"query-input":"required name=search_term_string"}],"inLanguage":"en-GB"},{"@type":"Organization","@id":"https:\/\/helift.fr\/#organization","name":"Chalet Aravet","url":"https:\/\/helift.fr\/","logo":{"@type":"ImageObject","inLanguage":"en-GB","@id":"https:\/\/helift.fr\/#\/schema\/logo\/image\/","url":"https:\/\/helift.fr\/wp-content\/uploads\/2023\/06\/logo.svg","contentUrl":"https:\/\/helift.fr\/wp-content\/uploads\/2023\/06\/logo.svg","width":1,"height":1,"caption":"Chalet Aravet"},"image":{"@id":"https:\/\/helift.fr\/#\/schema\/logo\/image\/"}}]}},"_links":{"self":[{"href":"https:\/\/helift.fr\/en\/wp-json\/wp\/v2\/pages\/889","targetHints":{"allow":["GET"]}}],"collection":[{"href":"https:\/\/helift.fr\/en\/wp-json\/wp\/v2\/pages"}],"about":[{"href":"https:\/\/helift.fr\/en\/wp-json\/wp\/v2\/types\/page"}],"author":[{"embeddable":true,"href":"https:\/\/helift.fr\/en\/wp-json\/wp\/v2\/users\/1"}],"replies":[{"embeddable":true,"href":"https:\/\/helift.fr\/en\/wp-json\/wp\/v2\/comments?post=889"}],"version-history":[{"count":0,"href":"https:\/\/helift.fr\/en\/wp-json\/wp\/v2\/pages\/889\/revisions"}],"wp:attachment":[{"href":"https:\/\/helift.fr\/en\/wp-json\/wp\/v2\/media?parent=889"}],"curies":[{"name":"wp","href":"https:\/\/api.w.org\/{rel}","templated":true}]}}